{"id":17226,"date":"2023-11-03T13:22:50","date_gmt":"2023-11-03T12:22:50","guid":{"rendered":"https:\/\/contractsolutions.cat\/personalizar-cookies"},"modified":"2023-11-03T13:22:50","modified_gmt":"2023-11-03T12:22:50","slug":"personalizar-cookies","status":"publish","type":"page","link":"https:\/\/contractsolutions.cat\/ca\/personalizar-cookies\/","title":{"rendered":"Personalitzar Cookies"},"content":{"rendered":"<div>\n      <div id=\"custom-cookies-eu-label\">\n          El sitio Web https:\/\/contractsolutions.cat utiliza cookies propias y de terceros para su correcto funcionamiento y para fines anal\u00edticos. Al hacer clic en el bot\u00f3n Aceptar, acepta el uso de estas tecnolog\u00edas y el procesamiento de sus datos para estos prop\u00f3sitos.          \n\n      <\/div>\n\n      <div id=\"custom-cookies-eu-buttons\" class=\"cookies-eu-buttons\">\n        <button id=\"custom-cookies-eu-reject\" class=\"cookies-eu-reject\">Rechazar<\/button>\n        <button id=\"custom-cookies-eu-accept\" class=\"cookies-eu-accept\">ACEPTAR TODAS LAS COOKIES<\/button><\/div>\n      <\/div>\n\n<br\/>\n<p>\n\tPuedes cambiar tus preferencias de cookies en cualquier momento si vuelves a la p\u00e1gina de Personalizar cookies, a la que puedes acceder a trav\u00e9s del Aviso de cookies. \n<\/p>\n\n<h3>Cookies t\u00e9cnicas<\/h3>\n<p>\n\tSon aquellas que permiten a los usuarios registrados navegar a trav\u00e9s del sitio Web, del \u00e1rea restringida y a utilizar sus diferentes funciones, como por ejemplo, el sistema de comentarios o el buscador y no pueden ser desactivadas.\n<\/p>\n\n<div class=\"custom-cookies-option\">\n  <h3>Cookies de an\u00e1lisis o medici\u00f3n<\/h3>\n  <span>\n    <input type=\"radio\" name=\"cookies-analytics-option\" value=\"true\" class=\"custom-cookies-radio\" data-consent=\"ANLTCS\" id=\"custom-cookies-accept-analytics\" >\n    <label for=\"custom-cookies-accept-analytics\">Activar<\/label>\n    &nbsp;&nbsp;\n    <input type=\"radio\" name=\"cookies-analytics-option\" value=\"false\" class=\"custom-cookies-radio\" data-consent=\"ANLTCS\" id=\"custom-cookies-reject-analytics\" \n    checked>\n    <label for=\"custom-cookies-reject-analytics\">Desactivar<\/label>\n<\/span>\n<\/div>\n\n<p>\n\tSon aquellas que, bien tratadas por el sitio Web o por terceros, permiten cuantificar el n\u00famero de usuarios y as\u00ed realizar la medici\u00f3n y an\u00e1lisis estad\u00edstico de la utilizaci\u00f3n que hacen los usuarios del sitio Web. Para ello se analiza la navegaci\u00f3n que realizas en este sitio Web con el fin de mejorarlo.\n<\/p>\n\n<div class=\"custom-cookies-option\">\n  <h3>Cookies sociales<\/h3>\n  <span>\n    <input type=\"radio\" name=\"cookies-social-option\" value=\"true\" class=\"custom-cookies-radio\" data-consent=\"SCLS\" id=\"custom-cookies-accept-social\" \n    >\n    <label for=\"custom-cookies-accept-social\">Activar<\/label>\n    &nbsp;&nbsp;\n    <input type=\"radio\" name=\"cookies-social-option\" value=\"false\" class=\"custom-cookies-radio\" data-consent=\"SCLS\" id=\"custom-cookies-reject-social\" \n    checked>\n    <label for=\"custom-cookies-reject-social\">Desactivar<\/label>\n<\/span>\n<\/div>\n\n<p>\n  Son establecidas por las plataformas de redes sociales para permitir a los usuarios compartir contenido con sus amigos y redes.  \n<\/p>","protected":false},"excerpt":{"rendered":"<p>El sitio Web https:\/\/contractsolutions.cat utiliza cookies propias y de terceros para su correcto funcionamiento y para fines anal\u00edticos. Al hacer clic en el bot\u00f3n Aceptar, acepta el uso de estas tecnolog\u00edas y el procesamiento de sus datos para estos prop\u00f3sitos. Rechazar ACEPTAR TODAS LAS COOKIES&#8230;<\/p>","protected":false},"author":1,"featured_media":0,"parent":0,"menu_order":0,"comment_status":"closed","ping_status":"closed","template":"","meta":{"_joinchat":[],"footnotes":""},"class_list":["post-17226","page","type-page","status-publish","hentry"],"yoast_head":"<!-- This site is optimized with the Yoast SEO plugin v21.5 - https:\/\/yoast.com\/wordpress\/plugins\/seo\/ -->\n<title>Personalizar Cookies - Contract Solutions<\/title>\n<meta name=\"robots\" content=\"index, follow, max-snippet:-1, max-image-preview:large, max-video-preview:-1\" \/>\n<link rel=\"canonical\" href=\"https:\/\/contractsolutions.cat\/ca\/personalizar-cookies\/\" \/>\n<meta property=\"og:locale\" content=\"ca_ES\" \/>\n<meta property=\"og:type\" content=\"article\" \/>\n<meta property=\"og:title\" content=\"Personalizar Cookies - Contract Solutions\" \/>\n<meta property=\"og:description\" content=\"El sitio Web https:\/\/contractsolutions.cat utiliza cookies propias y de terceros para su correcto funcionamiento y para fines anal\u00edticos. Al hacer clic en el bot\u00f3n Aceptar, acepta el uso de estas tecnolog\u00edas y el procesamiento de sus datos para estos prop\u00f3sitos. Rechazar ACEPTAR TODAS LAS COOKIES...\" \/>\n<meta property=\"og:url\" content=\"https:\/\/contractsolutions.cat\/ca\/personalizar-cookies\/\" \/>\n<meta property=\"og:site_name\" content=\"Contract Solutions\" \/>\n<meta property=\"article:publisher\" content=\"https:\/\/www.facebook.com\/contractsolutions.cat\/\" \/>\n<meta name=\"twitter:card\" content=\"summary_large_image\" \/>\n<script type=\"application\/ld+json\" class=\"yoast-schema-graph\">{\"@context\":\"https:\/\/schema.org\",\"@graph\":[{\"@type\":\"WebPage\",\"@id\":\"https:\/\/contractsolutions.cat\/ca\/personalizar-cookies\/\",\"url\":\"https:\/\/contractsolutions.cat\/ca\/personalizar-cookies\/\",\"name\":\"Personalizar Cookies - Contract Solutions\",\"isPartOf\":{\"@id\":\"https:\/\/contractsolutions.cat\/ca\/#website\"},\"datePublished\":\"2023-11-03T12:22:50+00:00\",\"dateModified\":\"2023-11-03T12:22:50+00:00\",\"breadcrumb\":{\"@id\":\"https:\/\/contractsolutions.cat\/ca\/personalizar-cookies\/#breadcrumb\"},\"inLanguage\":\"ca\",\"potentialAction\":[{\"@type\":\"ReadAction\",\"target\":[\"https:\/\/contractsolutions.cat\/ca\/personalizar-cookies\/\"]}]},{\"@type\":\"BreadcrumbList\",\"@id\":\"https:\/\/contractsolutions.cat\/ca\/personalizar-cookies\/#breadcrumb\",\"itemListElement\":[{\"@type\":\"ListItem\",\"position\":1,\"name\":\"Portada\",\"item\":\"https:\/\/contractsolutions.cat\/ca\/\"},{\"@type\":\"ListItem\",\"position\":2,\"name\":\"Personalizar Cookies\"}]},{\"@type\":\"WebSite\",\"@id\":\"https:\/\/contractsolutions.cat\/ca\/#website\",\"url\":\"https:\/\/contractsolutions.cat\/ca\/\",\"name\":\"Contract Solutions\",\"description\":\"Professionals en interiorisme i reformes\",\"publisher\":{\"@id\":\"https:\/\/contractsolutions.cat\/ca\/#organization\"},\"potentialAction\":[{\"@type\":\"SearchAction\",\"target\":{\"@type\":\"EntryPoint\",\"urlTemplate\":\"https:\/\/contractsolutions.cat\/ca\/?s={search_term_string}\"},\"query-input\":\"required name=search_term_string\"}],\"inLanguage\":\"ca\"},{\"@type\":\"Organization\",\"@id\":\"https:\/\/contractsolutions.cat\/ca\/#organization\",\"name\":\"Contract Solutions\",\"url\":\"https:\/\/contractsolutions.cat\/ca\/\",\"logo\":{\"@type\":\"ImageObject\",\"inLanguage\":\"ca\",\"@id\":\"https:\/\/contractsolutions.cat\/ca\/#\/schema\/logo\/image\/\",\"url\":\"https:\/\/contractsolutions.cat\/wp-content\/uploads\/2015\/06\/Logo-Contractsolutions.png\",\"contentUrl\":\"https:\/\/contractsolutions.cat\/wp-content\/uploads\/2015\/06\/Logo-Contractsolutions.png\",\"width\":285,\"height\":126,\"caption\":\"Contract Solutions\"},\"image\":{\"@id\":\"https:\/\/contractsolutions.cat\/ca\/#\/schema\/logo\/image\/\"},\"sameAs\":[\"https:\/\/www.facebook.com\/contractsolutions.cat\/\",\"https:\/\/www.instagram.com\/contractsolu\/\"]}]}<\/script>\n<!-- \/ Yoast SEO plugin. -->","yoast_head_json":{"title":"Personalizar Cookies - Contract Solutions","robots":{"index":"index","follow":"follow","max-snippet":"max-snippet:-1","max-image-preview":"max-image-preview:large","max-video-preview":"max-video-preview:-1"},"canonical":"https:\/\/contractsolutions.cat\/ca\/personalizar-cookies\/","og_locale":"ca_ES","og_type":"article","og_title":"Personalizar Cookies - Contract Solutions","og_description":"El sitio Web https:\/\/contractsolutions.cat utiliza cookies propias y de terceros para su correcto funcionamiento y para fines anal\u00edticos. Al hacer clic en el bot\u00f3n Aceptar, acepta el uso de estas tecnolog\u00edas y el procesamiento de sus datos para estos prop\u00f3sitos. Rechazar ACEPTAR TODAS LAS COOKIES...","og_url":"https:\/\/contractsolutions.cat\/ca\/personalizar-cookies\/","og_site_name":"Contract Solutions","article_publisher":"https:\/\/www.facebook.com\/contractsolutions.cat\/","twitter_card":"summary_large_image","schema":{"@context":"https:\/\/schema.org","@graph":[{"@type":"WebPage","@id":"https:\/\/contractsolutions.cat\/ca\/personalizar-cookies\/","url":"https:\/\/contractsolutions.cat\/ca\/personalizar-cookies\/","name":"Personalizar Cookies - Contract Solutions","isPartOf":{"@id":"https:\/\/contractsolutions.cat\/ca\/#website"},"datePublished":"2023-11-03T12:22:50+00:00","dateModified":"2023-11-03T12:22:50+00:00","breadcrumb":{"@id":"https:\/\/contractsolutions.cat\/ca\/personalizar-cookies\/#breadcrumb"},"inLanguage":"ca","potentialAction":[{"@type":"ReadAction","target":["https:\/\/contractsolutions.cat\/ca\/personalizar-cookies\/"]}]},{"@type":"BreadcrumbList","@id":"https:\/\/contractsolutions.cat\/ca\/personalizar-cookies\/#breadcrumb","itemListElement":[{"@type":"ListItem","position":1,"name":"Portada","item":"https:\/\/contractsolutions.cat\/ca\/"},{"@type":"ListItem","position":2,"name":"Personalizar Cookies"}]},{"@type":"WebSite","@id":"https:\/\/contractsolutions.cat\/ca\/#website","url":"https:\/\/contractsolutions.cat\/ca\/","name":"Contract Solutions","description":"Professionals en interiorisme i reformes","publisher":{"@id":"https:\/\/contractsolutions.cat\/ca\/#organization"},"potentialAction":[{"@type":"SearchAction","target":{"@type":"EntryPoint","urlTemplate":"https:\/\/contractsolutions.cat\/ca\/?s={search_term_string}"},"query-input":"required name=search_term_string"}],"inLanguage":"ca"},{"@type":"Organization","@id":"https:\/\/contractsolutions.cat\/ca\/#organization","name":"Contract Solutions","url":"https:\/\/contractsolutions.cat\/ca\/","logo":{"@type":"ImageObject","inLanguage":"ca","@id":"https:\/\/contractsolutions.cat\/ca\/#\/schema\/logo\/image\/","url":"https:\/\/contractsolutions.cat\/wp-content\/uploads\/2015\/06\/Logo-Contractsolutions.png","contentUrl":"https:\/\/contractsolutions.cat\/wp-content\/uploads\/2015\/06\/Logo-Contractsolutions.png","width":285,"height":126,"caption":"Contract Solutions"},"image":{"@id":"https:\/\/contractsolutions.cat\/ca\/#\/schema\/logo\/image\/"},"sameAs":["https:\/\/www.facebook.com\/contractsolutions.cat\/","https:\/\/www.instagram.com\/contractsolu\/"]}]}},"_links":{"self":[{"href":"https:\/\/contractsolutions.cat\/ca\/wp-json\/wp\/v2\/pages\/17226","targetHints":{"allow":["GET"]}}],"collection":[{"href":"https:\/\/contractsolutions.cat\/ca\/wp-json\/wp\/v2\/pages"}],"about":[{"href":"https:\/\/contractsolutions.cat\/ca\/wp-json\/wp\/v2\/types\/page"}],"author":[{"embeddable":true,"href":"https:\/\/contractsolutions.cat\/ca\/wp-json\/wp\/v2\/users\/1"}],"replies":[{"embeddable":true,"href":"https:\/\/contractsolutions.cat\/ca\/wp-json\/wp\/v2\/comments?post=17226"}],"version-history":[{"count":0,"href":"https:\/\/contractsolutions.cat\/ca\/wp-json\/wp\/v2\/pages\/17226\/revisions"}],"wp:attachment":[{"href":"https:\/\/contractsolutions.cat\/ca\/wp-json\/wp\/v2\/media?parent=17226"}],"curies":[{"name":"wp","href":"https:\/\/api.w.org\/{rel}","templated":true}]}}